{"id":28848,"date":"2023-11-02T12:44:59","date_gmt":"2023-11-02T11:44:59","guid":{"rendered":"https:\/\/margueritelersteau.voden.fr\/?page_id=28848"},"modified":"2026-02-12T13:08:27","modified_gmt":"2026-02-12T12:08:27","slug":"agenda","status":"publish","type":"page","link":"https:\/\/www.margueritelersteau.fr\/en\/agenda\/","title":{"rendered":"Calendar"},"content":{"rendered":"<div data-elementor-type=\"wp-page\" data-elementor-id=\"28848\" class=\"elementor elementor-28848\">\n\t\t\t\t<div class=\"elementor-element elementor-element-7d30c33 e-flex e-con-boxed e-con e-parent\" data-id=\"7d30c33\" data-element_type=\"container\" data-core-v316-plus=\"true\">\n\t\t\t\t\t<div class=\"e-con-inner\">\n\t\t<div class=\"elementor-element elementor-element-94eeaa9 e-con-full e-flex e-con e-child\" data-id=\"94eeaa9\" data-element_type=\"container\">\n\t\t\t\t<div class=\"elementor-element elementor-element-19a638d elementor-widget elementor-widget-heading\" data-id=\"19a638d\" data-element_type=\"widget\" data-widget_type=\"heading.default\">\n\t\t\t\t<div class=\"elementor-widget-container\">\n\t\t\t<style>\/*! elementor - v3.20.0 - 26-03-2024 *\/\n.elementor-heading-title{padding:0;margin:0;line-height:1}.elementor-widget-heading .elementor-heading-title[class*=elementor-size-]>a{color:inherit;font-size:inherit;line-height:inherit}.elementor-widget-heading .elementor-heading-title.elementor-size-small{font-size:15px}.elementor-widget-heading .elementor-heading-title.elementor-size-medium{font-size:19px}.elementor-widget-heading .elementor-heading-title.elementor-size-large{font-size:29px}.elementor-widget-heading .elementor-heading-title.elementor-size-xl{font-size:39px}.elementor-widget-heading .elementor-heading-title.elementor-size-xxl{font-size:59px}<\/style><h2 class=\"elementor-heading-title elementor-size-default\">2026<\/h2>\t\t<\/div>\n\t\t\t\t<\/div>\n\t\t\t\t<div class=\"elementor-element elementor-element-9b6b876 elementor-widget elementor-widget-text-editor\" data-id=\"9b6b876\" data-element_type=\"widget\" data-widget_type=\"text-editor.default\">\n\t\t\t\t<div class=\"elementor-widget-container\">\n\t\t\t<style>\/*! elementor - v3.20.0 - 26-03-2024 *\/\n.elementor-widget-text-editor.elementor-drop-cap-view-stacked .elementor-drop-cap{background-color:#69727d;color:#fff}.elementor-widget-text-editor.elementor-drop-cap-view-framed .elementor-drop-cap{color:#69727d;border:3px solid;background-color:transparent}.elementor-widget-text-editor:not(.elementor-drop-cap-view-default) .elementor-drop-cap{margin-top:8px}.elementor-widget-text-editor:not(.elementor-drop-cap-view-default) .elementor-drop-cap-letter{width:1em;height:1em}.elementor-widget-text-editor .elementor-drop-cap{float:left;text-align:center;line-height:1;font-size:50px}.elementor-widget-text-editor .elementor-drop-cap-letter{display:inline-block}<\/style>\t\t\t\t<div data-testid=\"richTextElement\">21 janvier: Show-case BIScotte \u00e0 la Madeleine &#8211; V\u00d3DEN &#8211; P\u00e9riph\u00e9rie &#8211; Biennales Internationales du Spectacle &#8211; Nantes (44)<\/div><div data-testid=\"richTextElement\">\u00a0<\/div><div data-testid=\"richTextElement\">6 f\u00e9vrier: SO\u00d1J &#8211; Coll\u00e8ge Th\u00e9r\u00e8se Pierre &#8211; Foug\u00e8res (35)<\/div><div data-testid=\"richTextElement\">\u00a0<\/div><div data-testid=\"richTextElement\">6 f\u00e9vrier: Concert V\u00d3DEN &#8211; Polskanitsa &#8211; M\u00e9diath\u00e8que de Retiers (35)<\/div><div data-testid=\"richTextElement\">\u00a0<\/div><div data-testid=\"richTextElement\">13 f\u00e9vrier: Concert V\u00d3DEN &#8211; Polskanitsa &#8211; M\u00e9diath\u00e8que de Cou\u00ebron (44)<\/div><div data-testid=\"richTextElement\">\u00a0<\/div><div data-testid=\"richTextElement\">4 avril: Concert V\u00d3DEN &#8211; Polskanitsa &#8211; M\u00e9diath\u00e8que de Guipry -Messac (35)<\/div><div data-testid=\"richTextElement\">\u00a0<\/div><div data-testid=\"richTextElement\">15, 16, 17 mai : SO\u00d1J &#8211; M\u00e9di\u00e9vales de\u00a0 Malzieu-Ville (48)<\/div><div data-testid=\"richTextElement\">\u00a0<\/div><div data-testid=\"richTextElement\">30, 31 mai : SO\u00d1J &#8211; M\u00e9di\u00e9vales de Reims (51)<\/div><div data-testid=\"richTextElement\">\u00a0<\/div><div data-testid=\"richTextElement\">6, 7 juin: SO\u00d1J &#8211; M\u00e9di\u00e9vales de Gu\u00e9rande (44)<\/div><div data-testid=\"richTextElement\">\u00a0<\/div><div data-testid=\"richTextElement\">13, 14 juin: SO\u00d1J &#8211; M\u00e9di\u00e9vales de Le Castellet\u00a0 (83)<\/div><div data-testid=\"richTextElement\">\u00a0<\/div><div data-testid=\"richTextElement\">27 juin: SO\u00d1J &#8211; Mariage priv\u00e9<\/div><div data-testid=\"richTextElement\">\u00a0<\/div><div data-testid=\"richTextElement\">4, 5 juillet: SO\u00d1J &#8211; M\u00e9di\u00e9vales de Ch\u00e2teaudun (28)<\/div><div data-testid=\"richTextElement\">\u00a0<\/div><div data-testid=\"richTextElement\">17, 18, 19 juillet: SO\u00d1J &#8211; M\u00e9di\u00e9vales de la Rochefoucauld (16)<\/div><div data-testid=\"richTextElement\">\u00a0<\/div><div data-testid=\"richTextElement\">26 juillet: Concert V\u00d3DEN &#8211;\u00a0 Polskanitsa- Le jARTdin &#8211; St Michel en Gr\u00e8ve (22)<\/div><div data-testid=\"richTextElement\">\u00a0<\/div><div data-testid=\"richTextElement\">7, 8, 9 ao\u00fbt: SO\u00d1J &#8211; M\u00e9di\u00e9vales de Falaise (14)<\/div><div data-testid=\"richTextElement\">\u00a0<\/div><div data-testid=\"richTextElement\">12 ao\u00fbt: Concerts V\u00d3DEN &#8211; Festival les Mercredis de la Chapelle Pol &#8211; Brignogan (29)<\/div><div data-testid=\"richTextElement\">\u00a0<\/div><div data-testid=\"richTextElement\">19, 20 septembre: SO\u00d1J &#8211; M\u00e9di\u00e9vales de l&rsquo;Abbaye de Belleperche &#8211; Cordes- Tolosannes (82)<\/div><div data-testid=\"richTextElement\">\u00a0<\/div><div data-testid=\"richTextElement\">8 novembre: SOLO &#8211; Bal causerie organis\u00e9 par Bulles de Bal &#8211; Angers (49)<\/div><div data-testid=\"richTextElement\">\u00a0<\/div><div data-testid=\"richTextElement\">Du 23 au 27 novembre: R\u00e9sidence V\u00d3DEN avec les \u00e9l\u00e8ves de St Ch\u00e9ly d&rsquo;Apcher, en partenariat avec le Cin\u00e9 Th\u00e9\u00e2tre (48)<\/div><div data-testid=\"richTextElement\">\u00a0<\/div><div data-testid=\"richTextElement\">28 novembre: Concert V\u00d3DEN &#8211; P\u00e9riph\u00e9rie &#8211; Le Cin\u00e9 Th\u00e9\u00e2tre &#8211; St Ch\u00e9ly d&rsquo;Apcher (48)<\/div><div data-testid=\"richTextElement\">\u00a0<\/div><div data-testid=\"richTextElement\">\u00a0<\/div><div data-testid=\"richTextElement\">\u00a0<\/div><div data-testid=\"richTextElement\">\u00a0<\/div>\t\t\t\t\t\t<\/div>\n\t\t\t\t<\/div>\n\t\t\t\t<\/div>\n\t\t<div class=\"elementor-element elementor-element-8418451 e-con-full e-flex e-con e-child\" data-id=\"8418451\" data-element_type=\"container\">\n\t\t\t\t<div class=\"elementor-element elementor-element-614635b elementor-widget elementor-widget-image\" data-id=\"614635b\" data-element_type=\"widget\" data-widget_type=\"image.default\">\n\t\t\t\t<div class=\"elementor-widget-container\">\n\t\t\t<style>\/*! elementor - v3.20.0 - 26-03-2024 *\/\n.elementor-widget-image{text-align:center}.elementor-widget-image a{display:inline-block}.elementor-widget-image a img[src$=\".svg\"]{width:48px}.elementor-widget-image img{vertical-align:middle;display:inline-block}<\/style>\t\t\t\t\t\t\t<figure class=\"wp-caption\">\n\t\t\t\t\t\t\t\t\t\t<img fetchpriority=\"high\" decoding=\"async\" width=\"683\" height=\"1024\" src=\"https:\/\/www.margueritelersteau.fr\/wp-content\/uploads\/2023\/11\/1N6A6971-2-Modifier-683x1024.jpg\" class=\"attachment-large size-large wp-image-28877\" alt=\"Agenda Marguerite Lersteau. Nyckelharpa, chant, composition. Projets V\u00f3den, Vilaine, So\u00f1j. Album solo Smultronst\u00e4lle.\" srcset=\"https:\/\/www.margueritelersteau.fr\/wp-content\/uploads\/2023\/11\/1N6A6971-2-Modifier-683x1024.jpg 683w, https:\/\/www.margueritelersteau.fr\/wp-content\/uploads\/2023\/11\/1N6A6971-2-Modifier-200x300.jpg 200w, https:\/\/www.margueritelersteau.fr\/wp-content\/uploads\/2023\/11\/1N6A6971-2-Modifier-768x1152.jpg 768w, https:\/\/www.margueritelersteau.fr\/wp-content\/uploads\/2023\/11\/1N6A6971-2-Modifier-1024x1536.jpg 1024w, https:\/\/www.margueritelersteau.fr\/wp-content\/uploads\/2023\/11\/1N6A6971-2-Modifier-1365x2048.jpg 1365w, https:\/\/www.margueritelersteau.fr\/wp-content\/uploads\/2023\/11\/1N6A6971-2-Modifier-8x12.jpg 8w, https:\/\/www.margueritelersteau.fr\/wp-content\/uploads\/2023\/11\/1N6A6971-2-Modifier-scaled.jpg 1707w\" sizes=\"(max-width: 683px) 100vw, 683px\" \/>\t\t\t\t\t\t\t\t\t\t\t<figcaption class=\"widget-image-caption wp-caption-text\">\u00a9 Claire Huteau 2021<\/figcaption>\n\t\t\t\t\t\t\t\t\t\t<\/figure>\n\t\t\t\t\t\t\t<\/div>\n\t\t\t\t<\/div>\n\t\t\t\t<div class=\"elementor-element elementor-element-cd999ae elementor-widget elementor-widget-text-editor\" data-id=\"cd999ae\" data-element_type=\"widget\" data-widget_type=\"text-editor.default\">\n\t\t\t\t<div class=\"elementor-widget-container\">\n\t\t\t\t\t\t\t<p class=\"font_7 wixui-rich-text__text\"><span class=\"wixui-rich-text__text\">More information:<\/span><\/p>\t\t\t\t\t\t<\/div>\n\t\t\t\t<\/div>\n\t\t\t\t<div class=\"elementor-element elementor-element-d3f22a2 elementor-align-center elementor-widget elementor-widget-button\" data-id=\"d3f22a2\" data-element_type=\"widget\" data-widget_type=\"button.default\">\n\t\t\t\t<div class=\"elementor-widget-container\">\n\t\t\t\t\t<div class=\"elementor-button-wrapper\">\n\t\t\t<a class=\"elementor-button elementor-button-link elementor-size-sm\" href=\"https:\/\/www.voden.fr\/concerts-voden\/\" target=\"_blank\" rel=\"noopener\">\n\t\t\t\t\t\t<span class=\"elementor-button-content-wrapper\">\n\t\t\t\t\t\t<span class=\"elementor-button-text\">V\u00f3den<\/span>\n\t\t<\/span>\n\t\t\t\t\t<\/a>\n\t\t<\/div>\n\t\t\t\t<\/div>\n\t\t\t\t<\/div>\n\t\t\t\t<div class=\"elementor-element elementor-element-2f93df6 elementor-align-center elementor-widget elementor-widget-button\" data-id=\"2f93df6\" data-element_type=\"widget\" data-widget_type=\"button.default\">\n\t\t\t\t<div class=\"elementor-widget-container\">\n\t\t\t\t\t<div class=\"elementor-button-wrapper\">\n\t\t\t<a class=\"elementor-button elementor-button-link elementor-size-sm\" href=\"https:\/\/www.compagnie-sonj.com\/agenda\/\" target=\"_blank\" rel=\"noopener\">\n\t\t\t\t\t\t<span class=\"elementor-button-content-wrapper\">\n\t\t\t\t\t\t<span class=\"elementor-button-text\">So\u00f1j<\/span>\n\t\t<\/span>\n\t\t\t\t\t<\/a>\n\t\t<\/div>\n\t\t\t\t<\/div>\n\t\t\t\t<\/div>\n\t\t\t\t<div class=\"elementor-element elementor-element-bf364cd elementor-align-center elementor-widget elementor-widget-button\" data-id=\"bf364cd\" data-element_type=\"widget\" data-widget_type=\"button.default\">\n\t\t\t\t<div class=\"elementor-widget-container\">\n\t\t\t\t\t<div class=\"elementor-button-wrapper\">\n\t\t\t<a class=\"elementor-button elementor-button-link elementor-size-sm\" href=\"https:\/\/www.sugarbulgar.com\" target=\"_blank\" rel=\"noopener\">\n\t\t\t\t\t\t<span class=\"elementor-button-content-wrapper\">\n\t\t\t\t\t\t<span class=\"elementor-button-text\">Sugar Bulgar<\/span>\n\t\t<\/span>\n\t\t\t\t\t<\/a>\n\t\t<\/div>\n\t\t\t\t<\/div>\n\t\t\t\t<\/div>\n\t\t\t\t<\/div>\n\t\t\t\t\t<\/div>\n\t\t\t\t<\/div>\n\t\t\t\t<\/div>","protected":false},"excerpt":{"rendered":"<p>2026 21 janvier: Show-case BIScotte \u00e0 la Madeleine &#8211; V\u00d3DEN &#8211; P\u00e9riph\u00e9rie &#8211; Biennales Internationales du Spectacle &#8211; Nantes (44)\u00a06 f\u00e9vrier: SO\u00d1J &#8211; Coll\u00e8ge Th\u00e9r\u00e8se Pierre &#8211; Foug\u00e8res (35)\u00a06 f\u00e9vrier: Concert V\u00d3DEN &#8211; Polskanitsa &#8211; M\u00e9diath\u00e8que de Retiers (35)\u00a013 f\u00e9vrier: Concert V\u00d3DEN &#8211; Polskanitsa &#8211; M\u00e9diath\u00e8que de Cou\u00ebron (44)\u00a04 avril: Concert V\u00d3DEN &#8211; Polskanitsa &#8211;&hellip;&nbsp;<a href=\"https:\/\/www.margueritelersteau.fr\/en\/agenda\/\" class=\"\" rel=\"bookmark\">Read More &raquo;<span class=\"screen-reader-text\">Calendar<\/span><\/a><\/p>","protected":false},"author":1,"featured_media":0,"parent":0,"menu_order":0,"comment_status":"closed","ping_status":"closed","template":"page-templates\/template-pagebuilder-full-width.php","meta":{"neve_meta_sidebar":"","neve_meta_container":"","neve_meta_enable_content_width":"","neve_meta_content_width":0,"neve_meta_title_alignment":"","neve_meta_author_avatar":"","neve_post_elements_order":"","neve_meta_disable_header":"","neve_meta_disable_footer":"","neve_meta_disable_title":"","footnotes":""},"class_list":["post-28848","page","type-page","status-publish","hentry"],"_links":{"self":[{"href":"https:\/\/www.margueritelersteau.fr\/en\/wp-json\/wp\/v2\/pages\/28848","targetHints":{"allow":["GET"]}}],"collection":[{"href":"https:\/\/www.margueritelersteau.fr\/en\/wp-json\/wp\/v2\/pages"}],"about":[{"href":"https:\/\/www.margueritelersteau.fr\/en\/wp-json\/wp\/v2\/types\/page"}],"author":[{"embeddable":true,"href":"https:\/\/www.margueritelersteau.fr\/en\/wp-json\/wp\/v2\/users\/1"}],"replies":[{"embeddable":true,"href":"https:\/\/www.margueritelersteau.fr\/en\/wp-json\/wp\/v2\/comments?post=28848"}],"version-history":[{"count":175,"href":"https:\/\/www.margueritelersteau.fr\/en\/wp-json\/wp\/v2\/pages\/28848\/revisions"}],"predecessor-version":[{"id":29717,"href":"https:\/\/www.margueritelersteau.fr\/en\/wp-json\/wp\/v2\/pages\/28848\/revisions\/29717"}],"wp:attachment":[{"href":"https:\/\/www.margueritelersteau.fr\/en\/wp-json\/wp\/v2\/media?parent=28848"}],"curies":[{"name":"wp","href":"https:\/\/api.w.org\/{rel}","templated":true}]}}