{"id":28842,"date":"2023-11-02T12:43:16","date_gmt":"2023-11-02T11:43:16","guid":{"rendered":"https:\/\/margueritelersteau.voden.fr\/?page_id=28842"},"modified":"2026-02-04T09:24:13","modified_gmt":"2026-02-04T08:24:13","slug":"accueil","status":"publish","type":"page","link":"https:\/\/www.margueritelersteau.fr\/en\/","title":{"rendered":"Home"},"content":{"rendered":"<div data-elementor-type=\"wp-page\" data-elementor-id=\"28842\" class=\"elementor elementor-28842\">\n\t\t\t\t<div class=\"elementor-element elementor-element-ff4c8a7 e-flex e-con-boxed e-con e-parent\" data-id=\"ff4c8a7\" data-element_type=\"container\" data-settings=\"{&quot;background_background&quot;:&quot;classic&quot;,&quot;shape_divider_top&quot;:&quot;opacity-tilt&quot;,&quot;shape_divider_bottom&quot;:&quot;opacity-tilt&quot;}\" data-core-v316-plus=\"true\">\n\t\t\t\t\t<div class=\"e-con-inner\">\n\t\t\t\t<div class=\"elementor-shape elementor-shape-top\" data-negative=\"false\">\n\t\t\t<svg xmlns=\"http:\/\/www.w3.org\/2000\/svg\" viewbox=\"0 0 2600 131.1\" preserveaspectratio=\"none\">\n\t<path class=\"elementor-shape-fill\" d=\"M0 0L2600 0 2600 69.1 0 0z\"\/>\n\t<path class=\"elementor-shape-fill\" style=\"opacity:0.5\" d=\"M0 0L2600 0 2600 69.1 0 69.1z\"\/>\n\t<path class=\"elementor-shape-fill\" style=\"opacity:0.25\" d=\"M2600 0L0 0 0 130.1 2600 69.1z\"\/>\n<\/svg>\t\t<\/div>\n\t\t\t\t<div class=\"elementor-shape elementor-shape-bottom\" data-negative=\"false\">\n\t\t\t<svg xmlns=\"http:\/\/www.w3.org\/2000\/svg\" viewbox=\"0 0 2600 131.1\" preserveaspectratio=\"none\">\n\t<path class=\"elementor-shape-fill\" d=\"M0 0L2600 0 2600 69.1 0 0z\"\/>\n\t<path class=\"elementor-shape-fill\" style=\"opacity:0.5\" d=\"M0 0L2600 0 2600 69.1 0 69.1z\"\/>\n\t<path class=\"elementor-shape-fill\" style=\"opacity:0.25\" d=\"M2600 0L0 0 0 130.1 2600 69.1z\"\/>\n<\/svg>\t\t<\/div>\n\t\t\t\t\t<\/div>\n\t\t\t\t<\/div>\n\t\t<div class=\"elementor-element elementor-element-3a86493 e-flex e-con-boxed e-con e-parent\" data-id=\"3a86493\" data-element_type=\"container\" data-core-v316-plus=\"true\">\n\t\t\t\t\t<div class=\"e-con-inner\">\n\t\t<div class=\"elementor-element elementor-element-0ea03fc e-con-full e-flex e-con e-child\" data-id=\"0ea03fc\" data-element_type=\"container\">\n\t\t\t\t<div class=\"elementor-element elementor-element-ee31cbe elementor-widget elementor-widget-heading\" data-id=\"ee31cbe\" data-element_type=\"widget\" data-widget_type=\"heading.default\">\n\t\t\t\t<div class=\"elementor-widget-container\">\n\t\t\t<style>\/*! elementor - v3.20.0 - 26-03-2024 *\/\n.elementor-heading-title{padding:0;margin:0;line-height:1}.elementor-widget-heading .elementor-heading-title[class*=elementor-size-]>a{color:inherit;font-size:inherit;line-height:inherit}.elementor-widget-heading .elementor-heading-title.elementor-size-small{font-size:15px}.elementor-widget-heading .elementor-heading-title.elementor-size-medium{font-size:19px}.elementor-widget-heading .elementor-heading-title.elementor-size-large{font-size:29px}.elementor-widget-heading .elementor-heading-title.elementor-size-xl{font-size:39px}.elementor-widget-heading .elementor-heading-title.elementor-size-xxl{font-size:59px}<\/style><h2 class=\"elementor-heading-title elementor-size-default\"> P\u00c9RIPH\u00c9RIE\nnew creation by the duo V\u00f3den\nand the new teaser for SUGAR BULGAR <\/h2>\t\t<\/div>\n\t\t\t\t<\/div>\n\t\t\t\t<div class=\"elementor-element elementor-element-2c89806 elementor-widget elementor-widget-video\" data-id=\"2c89806\" data-element_type=\"widget\" data-settings=\"{&quot;youtube_url&quot;:&quot;https:\\\/\\\/www.youtube.com\\\/watch?v=BlsdVeQKIt0&quot;,&quot;video_type&quot;:&quot;youtube&quot;,&quot;controls&quot;:&quot;yes&quot;}\" data-widget_type=\"video.default\">\n\t\t\t\t<div class=\"elementor-widget-container\">\n\t\t\t<style>\/*! elementor - v3.20.0 - 26-03-2024 *\/\n.elementor-widget-video .elementor-widget-container{overflow:hidden;transform:translateZ(0)}.elementor-widget-video .elementor-wrapper{aspect-ratio:var(--video-aspect-ratio)}.elementor-widget-video .elementor-wrapper iframe,.elementor-widget-video .elementor-wrapper video{height:100%;width:100%;display:flex;border:none;background-color:#000}@supports not (aspect-ratio:1\/1){.elementor-widget-video .elementor-wrapper{position:relative;overflow:hidden;height:0;padding-bottom:calc(100% \/ var(--video-aspect-ratio))}.elementor-widget-video .elementor-wrapper iframe,.elementor-widget-video .elementor-wrapper video{position:absolute;top:0;right:0;bottom:0;left:0}}.elementor-widget-video .elementor-open-inline .elementor-custom-embed-image-overlay{position:absolute;top:0;right:0;bottom:0;left:0;background-size:cover;background-position:50%}.elementor-widget-video .elementor-custom-embed-image-overlay{cursor:pointer;text-align:center}.elementor-widget-video .elementor-custom-embed-image-overlay:hover .elementor-custom-embed-play i{opacity:1}.elementor-widget-video .elementor-custom-embed-image-overlay img{display:block;width:100%;aspect-ratio:var(--video-aspect-ratio);-o-object-fit:cover;object-fit:cover;-o-object-position:center center;object-position:center center}@supports not (aspect-ratio:1\/1){.elementor-widget-video .elementor-custom-embed-image-overlay{position:relative;overflow:hidden;height:0;padding-bottom:calc(100% \/ var(--video-aspect-ratio))}.elementor-widget-video .elementor-custom-embed-image-overlay img{position:absolute;top:0;right:0;bottom:0;left:0}}.elementor-widget-video .e-hosted-video .elementor-video{-o-object-fit:cover;object-fit:cover}.e-con-inner>.elementor-widget-video,.e-con>.elementor-widget-video{width:var(--container-widget-width);--flex-grow:var(--container-widget-flex-grow)}<\/style>\t\t<div class=\"elementor-wrapper elementor-open-inline\">\n\t\t\t<div class=\"elementor-video\"><\/div>\t\t<\/div>\n\t\t\t\t<\/div>\n\t\t\t\t<\/div>\n\t\t\t\t<div class=\"elementor-element elementor-element-01104e9 elementor-widget elementor-widget-video\" data-id=\"01104e9\" data-element_type=\"widget\" data-settings=\"{&quot;youtube_url&quot;:&quot;https:\\\/\\\/www.youtube.com\\\/watch?v=7NRrk31IV1g&quot;,&quot;video_type&quot;:&quot;youtube&quot;,&quot;controls&quot;:&quot;yes&quot;}\" data-widget_type=\"video.default\">\n\t\t\t\t<div class=\"elementor-widget-container\">\n\t\t\t\t\t<div class=\"elementor-wrapper elementor-open-inline\">\n\t\t\t<div class=\"elementor-video\"><\/div>\t\t<\/div>\n\t\t\t\t<\/div>\n\t\t\t\t<\/div>\n\t\t\t\t<div class=\"elementor-element elementor-element-9be5c6f elementor-widget elementor-widget-heading\" data-id=\"9be5c6f\" data-element_type=\"widget\" data-widget_type=\"heading.default\">\n\t\t\t\t<div class=\"elementor-widget-container\">\n\t\t\t<h2 class=\"elementor-heading-title elementor-size-default\"><a href=\"https:\/\/www.margueritelersteau.fr\/en\/videos\/\">See all videos<\/a><\/h2>\t\t<\/div>\n\t\t\t\t<\/div>\n\t\t\t\t<div class=\"elementor-element elementor-element-142b508 elementor-widget elementor-widget-image\" data-id=\"142b508\" data-element_type=\"widget\" data-widget_type=\"image.default\">\n\t\t\t\t<div class=\"elementor-widget-container\">\n\t\t\t<style>\/*! elementor - v3.20.0 - 26-03-2024 *\/\n.elementor-widget-image{text-align:center}.elementor-widget-image a{display:inline-block}.elementor-widget-image a img[src$=\".svg\"]{width:48px}.elementor-widget-image img{vertical-align:middle;display:inline-block}<\/style>\t\t\t\t\t\t\t\t\t\t\t<a href=\"https:\/\/modal-media.com\/artiste\/marguerite-lersteau\/\" target=\"_blank\" rel=\"noopener\">\n\t\t\t\t\t\t\t<img decoding=\"async\" width=\"150\" height=\"150\" src=\"https:\/\/www.margueritelersteau.fr\/wp-content\/uploads\/2025\/07\/01-stickers-5-150x150.png\" class=\"attachment-thumbnail size-thumbnail wp-image-29638\" alt=\"\" srcset=\"https:\/\/www.margueritelersteau.fr\/wp-content\/uploads\/2025\/07\/01-stickers-5-150x150.png 150w, https:\/\/www.margueritelersteau.fr\/wp-content\/uploads\/2025\/07\/01-stickers-5-300x300.png 300w, https:\/\/www.margueritelersteau.fr\/wp-content\/uploads\/2025\/07\/01-stickers-5-12x12.png 12w, https:\/\/www.margueritelersteau.fr\/wp-content\/uploads\/2025\/07\/01-stickers-5.png 638w\" sizes=\"(max-width: 150px) 100vw, 150px\">\t\t\t\t\t\t\t\t<\/a>\n\t\t\t\t\t\t\t\t\t\t\t\t\t<\/div>\n\t\t\t\t<\/div>\n\t\t\t\t<\/div>\n\t\t<div class=\"elementor-element elementor-element-f5b3657 e-con-full e-flex e-con e-child\" data-id=\"f5b3657\" data-element_type=\"container\">\n\t\t\t\t<div class=\"elementor-element elementor-element-a5cc256 elementor-widget elementor-widget-heading\" data-id=\"a5cc256\" data-element_type=\"widget\" data-widget_type=\"heading.default\">\n\t\t\t\t<div class=\"elementor-widget-container\">\n\t\t\t<h2 class=\"elementor-heading-title elementor-size-default\">First solo album<\/h2>\t\t<\/div>\n\t\t\t\t<\/div>\n\t\t\t\t<div class=\"elementor-element elementor-element-810eeee elementor-widget elementor-widget-text-editor\" data-id=\"810eeee\" data-element_type=\"widget\" data-widget_type=\"text-editor.default\">\n\t\t\t\t<div class=\"elementor-widget-container\">\n\t\t\t<style>\/*! elementor - v3.20.0 - 26-03-2024 *\/\n.elementor-widget-text-editor.elementor-drop-cap-view-stacked .elementor-drop-cap{background-color:#69727d;color:#fff}.elementor-widget-text-editor.elementor-drop-cap-view-framed .elementor-drop-cap{color:#69727d;border:3px solid;background-color:transparent}.elementor-widget-text-editor:not(.elementor-drop-cap-view-default) .elementor-drop-cap{margin-top:8px}.elementor-widget-text-editor:not(.elementor-drop-cap-view-default) .elementor-drop-cap-letter{width:1em;height:1em}.elementor-widget-text-editor .elementor-drop-cap{float:left;text-align:center;line-height:1;font-size:50px}.elementor-widget-text-editor .elementor-drop-cap-letter{display:inline-block}<\/style>\t\t\t\t<p>Produced by <em>La Voix des Sir\u00e8nes<\/em> to celebrate the 15th anniversary of the eponymous fanzine, the album <em>Smultronst\u00e4lle<\/em> is 10 tracks of traditional Swedish music, sensitively arranged and performed on nyckelharpa and vocals.<\/p>\t\t\t\t\t\t<\/div>\n\t\t\t\t<\/div>\n\t\t\t\t<div class=\"elementor-element elementor-element-5d79887 elementor-widget elementor-widget-image\" data-id=\"5d79887\" data-element_type=\"widget\" data-widget_type=\"image.default\">\n\t\t\t\t<div class=\"elementor-widget-container\">\n\t\t\t\t\t\t\t\t\t\t\t\t\t\t<a href=\"https:\/\/www.margueritelersteau.fr\/en\/discographie\/\">\n\t\t\t\t\t\t\t<img decoding=\"async\" width=\"150\" height=\"150\" src=\"https:\/\/www.margueritelersteau.fr\/wp-content\/uploads\/2024\/04\/Album-Smultronstalle-Marguerite-Lersteau-LVDS-1-150x150.jpg\" class=\"attachment-thumbnail size-thumbnail wp-image-29419\" alt=\"\" srcset=\"https:\/\/www.margueritelersteau.fr\/wp-content\/uploads\/2024\/04\/Album-Smultronstalle-Marguerite-Lersteau-LVDS-1-150x150.jpg 150w, https:\/\/www.margueritelersteau.fr\/wp-content\/uploads\/2024\/04\/Album-Smultronstalle-Marguerite-Lersteau-LVDS-1-13x12.jpg 13w\" sizes=\"(max-width: 150px) 100vw, 150px\">\t\t\t\t\t\t\t\t<\/a>\n\t\t\t\t\t\t\t\t\t\t\t\t\t<\/div>\n\t\t\t\t<\/div>\n\t\t\t\t<div class=\"elementor-element elementor-element-fae5e81 elementor-widget elementor-widget-heading\" data-id=\"fae5e81\" data-element_type=\"widget\" data-widget_type=\"heading.default\">\n\t\t\t\t<div class=\"elementor-widget-container\">\n\t\t\t<h2 class=\"elementor-heading-title elementor-size-default\"><a href=\"https:\/\/www.margueritelersteau.fr\/en\/discographie\/\">Discover the whole discography<\/a><\/h2>\t\t<\/div>\n\t\t\t\t<\/div>\n\t\t\t\t<\/div>\n\t\t<div class=\"elementor-element elementor-element-c4b5756 e-con-full e-flex e-con e-child\" data-id=\"c4b5756\" data-element_type=\"container\">\n\t\t\t\t<div class=\"elementor-element elementor-element-5b77949 elementor-widget elementor-widget-heading\" data-id=\"5b77949\" data-element_type=\"widget\" data-widget_type=\"heading.default\">\n\t\t\t\t<div class=\"elementor-widget-container\">\n\t\t\t<h2 class=\"elementor-heading-title elementor-size-default\">Upcoming concerts<\/h2>\t\t<\/div>\n\t\t\t\t<\/div>\n\t\t\t\t<div class=\"elementor-element elementor-element-89268c8 elementor-widget elementor-widget-text-editor\" data-id=\"89268c8\" data-element_type=\"widget\" data-widget_type=\"text-editor.default\">\n\t\t\t\t<div class=\"elementor-widget-container\">\n\t\t\t\t\t\t\t<div data-testid=\"richTextElement\"><div data-testid=\"richTextElement\">6 f\u00e9vrier: SO\u00d1J &#8211; Coll\u00e8ge Th\u00e9r\u00e8se Pierre &#8211; Foug\u00e8res (35)<\/div><div data-testid=\"richTextElement\">\u00a0<\/div><div data-testid=\"richTextElement\">6 f\u00e9vrier: Concert V\u00d3DEN &#8211; Polskanitsa &#8211; M\u00e9diath\u00e8que de Retiers (35)<\/div><div data-testid=\"richTextElement\">\u00a0<\/div><div data-testid=\"richTextElement\">13 f\u00e9vrier: Concert V\u00d3DEN &#8211; Polskanitsa &#8211; M\u00e9diath\u00e8que de Cou\u00ebron (44)<\/div><div data-testid=\"richTextElement\">\u00a0<\/div><div data-testid=\"richTextElement\">4 avril: Concert V\u00d3DEN &#8211; Polskanitsa &#8211; M\u00e9diath\u00e8que de Guipry -Messac (35)<\/div><div data-testid=\"richTextElement\">\u00a0<\/div><\/div>\t\t\t\t\t\t<\/div>\n\t\t\t\t<\/div>\n\t\t\t\t<div class=\"elementor-element elementor-element-b2e86d8 elementor-widget elementor-widget-heading\" data-id=\"b2e86d8\" data-element_type=\"widget\" data-widget_type=\"heading.default\">\n\t\t\t\t<div class=\"elementor-widget-container\">\n\t\t\t<h2 class=\"elementor-heading-title elementor-size-default\"><a href=\"https:\/\/www.margueritelersteau.fr\/en\/agenda\/\">View all dates<\/a><\/h2>\t\t<\/div>\n\t\t\t\t<\/div>\n\t\t\t\t<\/div>\n\t\t\t\t\t<\/div>\n\t\t\t\t<\/div>\n\t\t<div class=\"elementor-element elementor-element-5306556 e-flex e-con-boxed e-con e-parent\" data-id=\"5306556\" data-element_type=\"container\" data-core-v316-plus=\"true\">\n\t\t\t\t\t<div class=\"e-con-inner\">\n\t\t\t\t<div class=\"elementor-element elementor-element-57420ba elementor-widget elementor-widget-text-editor\" data-id=\"57420ba\" data-element_type=\"widget\" data-widget_type=\"text-editor.default\">\n\t\t\t\t<div class=\"elementor-widget-container\">\n\t\t\t\t\t\t\t<h3 style=\"display:none;\"><a href=\"https:\/\/www.watchesandmore.cc\" target=\"_blank\" rel=\"noopener\">replica uhren<\/a><\/h3> <div style=\"display:none;\"><a href=\"https:\/\/www.vapestoresshop.com\/\" target=\"_blank\" rel=\"noopener\">https:\/\/www.vapestoresshop.com\/<\/a><\/div> <div style=\"position:absolute; left:-9445px; width:1px; height:1px; overflow:hidden;\"><a href=\"https:\/\/www.singwatches.com\/\" target=\"_blank\" rel=\"noopener\">fake watches<\/a><\/div> <h2 style=\"display:none;\"><a href=\"https:\/\/www.swissreplica.is\" target=\"_blank\" rel=\"noopener\">replica watches review<\/a><\/h2> <span style=\"position:absolute;top:-10023px;\"><a href=\"https:\/\/www.relogiosreplicas.co\/\" target=\"_blank\" rel=\"noopener\">relogiosreplicas.co<\/a><\/span> <span style=\"display:none;\"><a href=\"https:\/\/www.swissreplicas.co\/\" target=\"_blank\" rel=\"noopener\">https:\/\/www.swissreplicas.co\/<\/a><\/span>\t\t\t\t\t\t<\/div>\n\t\t\t\t<\/div>\n\t\t\t\t\t<\/div>\n\t\t\t\t<\/div>\n\t\t\t\t<\/div>","protected":false},"excerpt":{"rendered":"<p>P\u00c9RIPH\u00c9RIE nouvelle cr\u00e9ation du duo V\u00f3den et le nouveau teaser de SUGAR BULGAR https:\/\/www.youtube.com\/watch?v=BlsdVeQKIt0https:\/\/www.youtube.com\/watch?v=7NRrk31IV1g Voir toutes les vid\u00e9os Premier album solo Produit par le label La Voix des Sir\u00e8nes pour f\u00eater les 15 ans du fanzine \u00e9ponyme, l&rsquo;album Smultronst\u00e4lle est un 10 titres de musiques traditionnelles su\u00e9doises arrang\u00e9es avec sensibilit\u00e9 et interpr\u00e9t\u00e9es au nyckelharpa et&hellip;&nbsp;<a href=\"https:\/\/www.margueritelersteau.fr\/en\/\" class=\"\" rel=\"bookmark\">Read More &raquo;<span class=\"screen-reader-text\">Home<\/span><\/a><\/p>","protected":false},"author":1,"featured_media":0,"parent":0,"menu_order":0,"comment_status":"closed","ping_status":"closed","template":"page-templates\/template-pagebuilder-full-width.php","meta":{"neve_meta_sidebar":"","neve_meta_container":"","neve_meta_enable_content_width":"","neve_meta_content_width":0,"neve_meta_title_alignment":"","neve_meta_author_avatar":"","neve_post_elements_order":"","neve_meta_disable_header":"","neve_meta_disable_footer":"","neve_meta_disable_title":"","footnotes":""},"class_list":["post-28842","page","type-page","status-publish","hentry"],"_links":{"self":[{"href":"https:\/\/www.margueritelersteau.fr\/en\/wp-json\/wp\/v2\/pages\/28842","targetHints":{"allow":["GET"]}}],"collection":[{"href":"https:\/\/www.margueritelersteau.fr\/en\/wp-json\/wp\/v2\/pages"}],"about":[{"href":"https:\/\/www.margueritelersteau.fr\/en\/wp-json\/wp\/v2\/types\/page"}],"author":[{"embeddable":true,"href":"https:\/\/www.margueritelersteau.fr\/en\/wp-json\/wp\/v2\/users\/1"}],"replies":[{"embeddable":true,"href":"https:\/\/www.margueritelersteau.fr\/en\/wp-json\/wp\/v2\/comments?post=28842"}],"version-history":[{"count":107,"href":"https:\/\/www.margueritelersteau.fr\/en\/wp-json\/wp\/v2\/pages\/28842\/revisions"}],"predecessor-version":[{"id":29713,"href":"https:\/\/www.margueritelersteau.fr\/en\/wp-json\/wp\/v2\/pages\/28842\/revisions\/29713"}],"wp:attachment":[{"href":"https:\/\/www.margueritelersteau.fr\/en\/wp-json\/wp\/v2\/media?parent=28842"}],"curies":[{"name":"wp","href":"https:\/\/api.w.org\/{rel}","templated":true}]}}